{"id":7350,"date":"2025-01-10T20:32:44","date_gmt":"2025-01-10T20:32:44","guid":{"rendered":"https:\/\/vinhotel.it\/buggi\/"},"modified":"2025-05-08T15:57:57","modified_gmt":"2025-05-08T15:57:57","slug":"buggi","status":"publish","type":"page","link":"https:\/\/vinhotel.it\/de\/buggi\/","title":{"rendered":"buggi"},"content":{"rendered":"\t\t<div data-elementor-type=\"wp-page\" data-elementor-id=\"7350\" class=\"elementor elementor-7350 elementor-6088\" data-elementor-post-type=\"page\">\n\t\t\t\t<div class=\"elementor-element elementor-element-4949c89 e-con-full e-flex e-con e-parent\" data-id=\"4949c89\" data-element_type=\"container\" data-e-type=\"container\" data-settings=\"{&quot;background_background&quot;:&quot;classic&quot;}\">\n\t\t<div class=\"elementor-element elementor-element-6da9a08 e-con-full e-flex e-con e-child\" data-id=\"6da9a08\" data-element_type=\"container\" data-e-type=\"container\" data-settings=\"{&quot;background_background&quot;:&quot;classic&quot;}\">\n\t\t\t\t<div class=\"elementor-element elementor-element-8873da6 elementor-widget elementor-widget-heading\" data-id=\"8873da6\" data-element_type=\"widget\" data-e-type=\"widget\" data-widget_type=\"heading.default\">\n\t\t\t\t<div class=\"elementor-widget-container\">\n\t\t\t\t\t<h1 class=\"elementor-heading-title elementor-size-default\">buggi<\/h1>\t\t\t\t<\/div>\n\t\t\t\t<\/div>\n\t\t\t\t<div class=\"elementor-element elementor-element-3509b4d elementor-widget elementor-widget-text-editor\" data-id=\"3509b4d\" data-element_type=\"widget\" data-e-type=\"widget\" data-widget_type=\"text-editor.default\">\n\t\t\t\t<div class=\"elementor-widget-container\">\n\t\t\t\t\t\t\t\t\t<p>buggi wurde aus dem Traum geboren, zu lernen, wie man das Beste aus dem macht, was das Land hier bei VIN uns zur Verf\u00fcgung stellt.<\/p><p>Es fing mit Limoncello an und wurde bald zu viel mehr.<\/p><p>unsere Weine, buggi bianco, buggi rosa und buggi rosso, sind das Ergebnis einer Zusammenarbeit zwischen dem VIN Hotel und einigen unserer engsten Winzerfreunde in der Region.<\/p><p>wir beziehen f\u00fcr unsere Projekte nur lokale, biologisch angebaute Trauben von h\u00f6chster Qualit\u00e4t und wollen etwas ganz anderes machen als das, was derzeit erh\u00e4ltlich ist.<\/p><p>unten finden Sie einen Link zu unseren Weinen, Spirituosen und anderen Projekten mit technischen Daten und weiteren Informationen.<\/p>\t\t\t\t\t\t\t\t<\/div>\n\t\t\t\t<\/div>\n\t\t\t\t<\/div>\n\t\t\t\t<\/div>\n\t\t<div class=\"elementor-element elementor-element-8f9b0a9 e-flex e-con-boxed e-con e-parent\" data-id=\"8f9b0a9\" data-element_type=\"container\" data-e-type=\"container\" data-settings=\"{&quot;background_background&quot;:&quot;classic&quot;}\">\n\t\t\t\t\t<div class=\"e-con-inner\">\n\t\t\t\t<div class=\"elementor-element elementor-element-a02edd9 elementor-view-default elementor-widget elementor-widget-icon\" data-id=\"a02edd9\" data-element_type=\"widget\" data-e-type=\"widget\" data-widget_type=\"icon.default\">\n\t\t\t\t<div class=\"elementor-widget-container\">\n\t\t\t\t\t\t\t<div class=\"elementor-icon-wrapper\">\n\t\t\t<div class=\"elementor-icon\">\n\t\t\t<i aria-hidden=\"true\" class=\"fas fa-sun\"><\/i>\t\t\t<\/div>\n\t\t<\/div>\n\t\t\t\t\t\t<\/div>\n\t\t\t\t<\/div>\n\t\t\t\t<div class=\"elementor-element elementor-element-c37187d elementor-view-default elementor-widget elementor-widget-icon\" data-id=\"c37187d\" data-element_type=\"widget\" data-e-type=\"widget\" data-widget_type=\"icon.default\">\n\t\t\t\t<div class=\"elementor-widget-container\">\n\t\t\t\t\t\t\t<div class=\"elementor-icon-wrapper\">\n\t\t\t<div class=\"elementor-icon\">\n\t\t\t<i aria-hidden=\"true\" class=\"fas fa-sun\"><\/i>\t\t\t<\/div>\n\t\t<\/div>\n\t\t\t\t\t\t<\/div>\n\t\t\t\t<\/div>\n\t\t\t\t<div class=\"elementor-element elementor-element-054f50c elementor-view-default elementor-widget elementor-widget-icon\" data-id=\"054f50c\" data-element_type=\"widget\" data-e-type=\"widget\" data-widget_type=\"icon.default\">\n\t\t\t\t<div class=\"elementor-widget-container\">\n\t\t\t\t\t\t\t<div class=\"elementor-icon-wrapper\">\n\t\t\t<div class=\"elementor-icon\">\n\t\t\t<i aria-hidden=\"true\" class=\"fas fa-sun\"><\/i>\t\t\t<\/div>\n\t\t<\/div>\n\t\t\t\t\t\t<\/div>\n\t\t\t\t<\/div>\n\t\t\t\t\t<\/div>\n\t\t\t\t<\/div>\n\t\t<div class=\"elementor-element elementor-element-fed4f41 e-con-full e-flex e-con e-parent\" data-id=\"fed4f41\" data-element_type=\"container\" data-e-type=\"container\" data-settings=\"{&quot;background_background&quot;:&quot;classic&quot;}\">\n\t\t<div class=\"elementor-element elementor-element-1980d25 e-con-full e-flex e-con e-child\" data-id=\"1980d25\" data-element_type=\"container\" data-e-type=\"container\" data-settings=\"{&quot;background_background&quot;:&quot;classic&quot;}\">\n\t\t\t\t<div class=\"elementor-element elementor-element-a3fc068 elementor-widget elementor-widget-heading\" data-id=\"a3fc068\" data-element_type=\"widget\" data-e-type=\"widget\" data-widget_type=\"heading.default\">\n\t\t\t\t<div class=\"elementor-widget-container\">\n\t\t\t\t\t<h2 class=\"elementor-heading-title elementor-size-default\">die Buggi-Reihe<\/h2>\t\t\t\t<\/div>\n\t\t\t\t<\/div>\n\t\t\t\t<div class=\"elementor-element elementor-element-181bbfb elementor-grid-3 elementor-grid-tablet-2 elementor-grid-mobile-1 elementor-widget elementor-widget-loop-grid\" data-id=\"181bbfb\" data-element_type=\"widget\" data-e-type=\"widget\" data-settings=\"{&quot;template_id&quot;:6094,&quot;columns&quot;:3,&quot;row_gap&quot;:{&quot;unit&quot;:&quot;px&quot;,&quot;size&quot;:0,&quot;sizes&quot;:[]},&quot;_skin&quot;:&quot;post&quot;,&quot;columns_tablet&quot;:&quot;2&quot;,&quot;columns_mobile&quot;:&quot;1&quot;,&quot;edit_handle_selector&quot;:&quot;[data-elementor-type=\\&quot;loop-item\\&quot;]&quot;,&quot;row_gap_tablet&quot;:{&quot;unit&quot;:&quot;px&quot;,&quot;size&quot;:&quot;&quot;,&quot;sizes&quot;:[]},&quot;row_gap_mobile&quot;:{&quot;unit&quot;:&quot;px&quot;,&quot;size&quot;:&quot;&quot;,&quot;sizes&quot;:[]}}\" data-widget_type=\"loop-grid.post\">\n\t\t\t\t<div class=\"elementor-widget-container\">\n\t\t\t\t\t\t\t<div class=\"elementor-loop-container elementor-grid\" role=\"list\">\n\t\t<style id=\"loop-6094\">.elementor-6094 .elementor-element.elementor-element-497e29c{--display:flex;}.elementor-6094 .elementor-element.elementor-element-46ce464 img{max-width:100%;}.elementor-6094 .elementor-element.elementor-element-c99847d{text-align:center;}.elementor-6094 .elementor-element.elementor-element-c99847d .elementor-heading-title{font-family:var( --e-global-typography-74f4de6-font-family ), Sans-serif;font-size:var( --e-global-typography-74f4de6-font-size );font-weight:var( --e-global-typography-74f4de6-font-weight );font-style:var( --e-global-typography-74f4de6-font-style );line-height:var( --e-global-typography-74f4de6-line-height );letter-spacing:var( --e-global-typography-74f4de6-letter-spacing );word-spacing:var( --e-global-typography-74f4de6-word-spacing );color:var( --e-global-color-f61ae14 );}@media(max-width:1024px){.elementor-6094 .elementor-element.elementor-element-c99847d .elementor-heading-title{font-size:var( --e-global-typography-74f4de6-font-size );line-height:var( --e-global-typography-74f4de6-line-height );letter-spacing:var( --e-global-typography-74f4de6-letter-spacing );word-spacing:var( --e-global-typography-74f4de6-word-spacing );}}@media(max-width:767px){.elementor-6094 .elementor-element.elementor-element-c99847d .elementor-heading-title{font-size:var( --e-global-typography-74f4de6-font-size );line-height:var( --e-global-typography-74f4de6-line-height );letter-spacing:var( --e-global-typography-74f4de6-letter-spacing );word-spacing:var( --e-global-typography-74f4de6-word-spacing );}}<\/style>\t\t<div data-elementor-type=\"loop-item\" data-elementor-id=\"6094\" class=\"elementor elementor-6094 e-loop-item e-loop-item-7406 post-7406 post type-post status-publish format-standard has-post-thumbnail hentry category-buggi-de tag-bio-wein-toskana tag-gefuhrte-weinverkostung-toskana tag-italienische-weinverkostung tag-naturliche-weinverkostung tag-naturwein-toskana tag-private-weinverkostung-toskana tag-touren-durch-toskanische-weinberge tag-weinkeller-toskana tag-weinproben-in-der-toskana tag-weinreisen-in-die-toskana tag-weinverkostung-in-der-toskana tag-weinverkostung-toskana\" data-elementor-post-type=\"elementor_library\" data-custom-edit-handle=\"1\">\n\t\t\t<div class=\"elementor-element elementor-element-497e29c e-flex e-con-boxed e-con e-parent\" data-id=\"497e29c\" data-element_type=\"container\" data-e-type=\"container\">\n\t\t\t\t\t<div class=\"e-con-inner\">\n\t\t\t\t<div class=\"elementor-element elementor-element-46ce464 elementor-widget elementor-widget-theme-post-featured-image elementor-widget-image\" data-id=\"46ce464\" data-element_type=\"widget\" data-e-type=\"widget\" data-widget_type=\"theme-post-featured-image.default\">\n\t\t\t\t<div class=\"elementor-widget-container\">\n\t\t\t\t\t\t\t\t\t\t\t\t\t\t\t\t<a href=\"https:\/\/vinhotel.it\/de\/buggi-bianco\/\">\n\t\t\t\t\t\t\t<img fetchpriority=\"high\" decoding=\"async\" width=\"800\" height=\"950\" src=\"https:\/\/vinhotel.it\/wp-content\/uploads\/2025\/01\/buggi-1725x2048.png\" class=\"attachment-large size-large wp-image-6108\" alt=\"buggi bianco\" srcset=\"https:\/\/vinhotel.it\/wp-content\/uploads\/2025\/01\/buggi-1725x2048.png 1725w, https:\/\/vinhotel.it\/wp-content\/uploads\/2025\/01\/buggi-253x300.png 253w, https:\/\/vinhotel.it\/wp-content\/uploads\/2025\/01\/buggi-768x912.png 768w, https:\/\/vinhotel.it\/wp-content\/uploads\/2025\/01\/buggi-1294x1536.png 1294w, https:\/\/vinhotel.it\/wp-content\/uploads\/2025\/01\/buggi-300x356.png 300w, https:\/\/vinhotel.it\/wp-content\/uploads\/2025\/01\/buggi-600x712.png 600w\" sizes=\"(max-width: 800px) 100vw, 800px\" \/>\t\t\t\t\t\t\t\t<\/a>\n\t\t\t\t\t\t\t\t\t\t\t\t\t\t\t<\/div>\n\t\t\t\t<\/div>\n\t\t\t\t<div class=\"elementor-element elementor-element-c99847d elementor-widget elementor-widget-theme-post-title elementor-page-title elementor-widget-heading\" data-id=\"c99847d\" data-element_type=\"widget\" data-e-type=\"widget\" data-widget_type=\"theme-post-title.default\">\n\t\t\t\t<div class=\"elementor-widget-container\">\n\t\t\t\t\t<h3 class=\"elementor-heading-title elementor-size-default\">buggi bianco<\/h3>\t\t\t\t<\/div>\n\t\t\t\t<\/div>\n\t\t\t\t\t<\/div>\n\t\t\t\t<\/div>\n\t\t\t\t<\/div>\n\t\t\t\t<\/div>\n\t\t\n\t\t\t\t\t\t<\/div>\n\t\t\t\t<\/div>\n\t\t\t\t<\/div>\n\t\t\t\t<\/div>\n\t\t<div class=\"elementor-element elementor-element-9ad6d94 e-flex e-con-boxed e-con e-parent\" data-id=\"9ad6d94\" data-element_type=\"container\" data-e-type=\"container\" data-settings=\"{&quot;background_background&quot;:&quot;classic&quot;}\">\n\t\t\t\t\t<div class=\"e-con-inner\">\n\t\t\t\t<div class=\"elementor-element elementor-element-0e12be1 elementor-view-default elementor-widget elementor-widget-icon\" data-id=\"0e12be1\" data-element_type=\"widget\" data-e-type=\"widget\" data-widget_type=\"icon.default\">\n\t\t\t\t<div class=\"elementor-widget-container\">\n\t\t\t\t\t\t\t<div class=\"elementor-icon-wrapper\">\n\t\t\t<div class=\"elementor-icon\">\n\t\t\t<i aria-hidden=\"true\" class=\"fas fa-sun\"><\/i>\t\t\t<\/div>\n\t\t<\/div>\n\t\t\t\t\t\t<\/div>\n\t\t\t\t<\/div>\n\t\t\t\t<div class=\"elementor-element elementor-element-329faf4 elementor-view-default elementor-widget elementor-widget-icon\" data-id=\"329faf4\" data-element_type=\"widget\" data-e-type=\"widget\" data-widget_type=\"icon.default\">\n\t\t\t\t<div class=\"elementor-widget-container\">\n\t\t\t\t\t\t\t<div class=\"elementor-icon-wrapper\">\n\t\t\t<div class=\"elementor-icon\">\n\t\t\t<i aria-hidden=\"true\" class=\"fas fa-sun\"><\/i>\t\t\t<\/div>\n\t\t<\/div>\n\t\t\t\t\t\t<\/div>\n\t\t\t\t<\/div>\n\t\t\t\t<div class=\"elementor-element elementor-element-279ce63 elementor-view-default elementor-widget elementor-widget-icon\" data-id=\"279ce63\" data-element_type=\"widget\" data-e-type=\"widget\" data-widget_type=\"icon.default\">\n\t\t\t\t<div class=\"elementor-widget-container\">\n\t\t\t\t\t\t\t<div class=\"elementor-icon-wrapper\">\n\t\t\t<div class=\"elementor-icon\">\n\t\t\t<i aria-hidden=\"true\" class=\"fas fa-sun\"><\/i>\t\t\t<\/div>\n\t\t<\/div>\n\t\t\t\t\t\t<\/div>\n\t\t\t\t<\/div>\n\t\t\t\t\t<\/div>\n\t\t\t\t<\/div>\n\t\t<div class=\"elementor-element elementor-element-83add74 e-flex e-con-boxed e-con e-parent\" data-id=\"83add74\" data-element_type=\"container\" data-e-type=\"container\" data-settings=\"{&quot;background_background&quot;:&quot;classic&quot;}\">\n\t\t\t\t\t<div class=\"e-con-inner\">\n\t\t\t\t\t<\/div>\n\t\t\t\t<\/div>\n\t\t<div class=\"elementor-element elementor-element-adc9ac1 e-flex e-con-boxed e-con e-parent\" data-id=\"adc9ac1\" data-element_type=\"container\" data-e-type=\"container\" data-settings=\"{&quot;background_background&quot;:&quot;classic&quot;}\">\n\t\t\t\t\t<div class=\"e-con-inner\">\n\t\t\t\t<div class=\"elementor-element elementor-element-6e6aba9 elementor-widget elementor-widget-spacer\" data-id=\"6e6aba9\" data-element_type=\"widget\" data-e-type=\"widget\" data-widget_type=\"spacer.default\">\n\t\t\t\t<div class=\"elementor-widget-container\">\n\t\t\t\t\t\t\t<div class=\"elementor-spacer\">\n\t\t\t<div class=\"elementor-spacer-inner\"><\/div>\n\t\t<\/div>\n\t\t\t\t\t\t<\/div>\n\t\t\t\t<\/div>\n\t\t\t\t\t<\/div>\n\t\t\t\t<\/div>\n\t\t\t\t<\/div>\n\t\t","protected":false},"excerpt":{"rendered":"<p>buggi buggi wurde aus dem Traum geboren, zu lernen, wie man das Beste aus dem macht, was das Land hier bei VIN uns zur Verf\u00fcgung stellt. Es fing mit Limoncello an und wurde bald zu viel mehr. unsere Weine, buggi bianco, buggi rosa und buggi rosso, sind das Ergebnis einer Zusammenarbeit zwischen dem VIN Hotel [&hellip;]<\/p>\n","protected":false},"author":1,"featured_media":0,"parent":0,"menu_order":9,"comment_status":"closed","ping_status":"closed","template":"elementor_header_footer","meta":{"footnotes":""},"class_list":["post-7350","page","type-page","status-publish","hentry"],"yoast_head":"<!-- This site is optimized with the Yoast SEO plugin v27.4 - https:\/\/yoast.com\/product\/yoast-seo-wordpress\/ -->\n<title>buggi - Vin Hotel - La Meridiana - Wine Hotel<\/title>\n<meta name=\"robots\" content=\"index, follow, max-snippet:-1, max-image-preview:large, max-video-preview:-1\" \/>\n<link rel=\"canonical\" href=\"https:\/\/vinhotel.it\/de\/buggi\/\" \/>\n<meta property=\"og:locale\" content=\"de_DE\" \/>\n<meta property=\"og:type\" content=\"article\" \/>\n<meta property=\"og:title\" content=\"buggi - Vin Hotel - La Meridiana - Wine Hotel\" \/>\n<meta property=\"og:description\" content=\"buggi buggi wurde aus dem Traum geboren, zu lernen, wie man das Beste aus dem macht, was das Land hier bei VIN uns zur Verf\u00fcgung stellt. Es fing mit Limoncello an und wurde bald zu viel mehr. unsere Weine, buggi bianco, buggi rosa und buggi rosso, sind das Ergebnis einer Zusammenarbeit zwischen dem VIN Hotel [&hellip;]\" \/>\n<meta property=\"og:url\" content=\"https:\/\/vinhotel.it\/de\/buggi\/\" \/>\n<meta property=\"og:site_name\" content=\"Vin Hotel - La Meridiana - Wine Hotel\" \/>\n<meta property=\"article:publisher\" content=\"https:\/\/www.facebook.com\/vinhotel\/\" \/>\n<meta property=\"article:modified_time\" content=\"2025-05-08T15:57:57+00:00\" \/>\n<script type=\"application\/ld+json\" class=\"yoast-schema-graph\">{\"@context\":\"https:\\\/\\\/schema.org\",\"@graph\":[{\"@type\":\"WebPage\",\"@id\":\"https:\\\/\\\/vinhotel.it\\\/de\\\/buggi\\\/\",\"url\":\"https:\\\/\\\/vinhotel.it\\\/de\\\/buggi\\\/\",\"name\":\"buggi - Vin Hotel - La Meridiana - Wine Hotel\",\"isPartOf\":{\"@id\":\"https:\\\/\\\/vinhotel.it\\\/de\\\/#website\"},\"datePublished\":\"2025-01-10T20:32:44+00:00\",\"dateModified\":\"2025-05-08T15:57:57+00:00\",\"breadcrumb\":{\"@id\":\"https:\\\/\\\/vinhotel.it\\\/de\\\/buggi\\\/#breadcrumb\"},\"inLanguage\":\"de-DE\",\"potentialAction\":[{\"@type\":\"ReadAction\",\"target\":[\"https:\\\/\\\/vinhotel.it\\\/de\\\/buggi\\\/\"]}]},{\"@type\":\"BreadcrumbList\",\"@id\":\"https:\\\/\\\/vinhotel.it\\\/de\\\/buggi\\\/#breadcrumb\",\"itemListElement\":[{\"@type\":\"ListItem\",\"position\":1,\"name\":\"Home\",\"item\":\"https:\\\/\\\/vinhotel.it\\\/de\\\/\"},{\"@type\":\"ListItem\",\"position\":2,\"name\":\"buggi\"}]},{\"@type\":\"WebSite\",\"@id\":\"https:\\\/\\\/vinhotel.it\\\/de\\\/#website\",\"url\":\"https:\\\/\\\/vinhotel.it\\\/de\\\/\",\"name\":\"Vin Hotel - La Meridiana - Wine Hotel\",\"description\":\"experience the perfect blend of luxury and wine culture with VIN Hotel. discover boutique hotels set in italy&#039;s most picturesque wine regions, offering exclusive vineyard tours, sommelier-led wine tastings, and farm-to-table dining. perfect for romantic getaways, wine-tasting holidays, and relaxing retreats, VIN Hotel combines world-class hospitality with a passion for italian wines. book your stay today and immerse yourself in italy&#039;s rich wine heritage.\",\"publisher\":{\"@id\":\"https:\\\/\\\/vinhotel.it\\\/de\\\/#organization\"},\"potentialAction\":[{\"@type\":\"SearchAction\",\"target\":{\"@type\":\"EntryPoint\",\"urlTemplate\":\"https:\\\/\\\/vinhotel.it\\\/de\\\/?s={search_term_string}\"},\"query-input\":{\"@type\":\"PropertyValueSpecification\",\"valueRequired\":true,\"valueName\":\"search_term_string\"}}],\"inLanguage\":\"de-DE\"},{\"@type\":\"Organization\",\"@id\":\"https:\\\/\\\/vinhotel.it\\\/de\\\/#organization\",\"name\":\"Vin Hotel - La Meridiana - Wine Hotel\",\"url\":\"https:\\\/\\\/vinhotel.it\\\/de\\\/\",\"logo\":{\"@type\":\"ImageObject\",\"inLanguage\":\"de-DE\",\"@id\":\"https:\\\/\\\/vinhotel.it\\\/de\\\/#\\\/schema\\\/logo\\\/image\\\/\",\"url\":\"https:\\\/\\\/vinhotel.it\\\/wp-content\\\/uploads\\\/2023\\\/02\\\/cropped-cropped-Logo_350.gif\",\"contentUrl\":\"https:\\\/\\\/vinhotel.it\\\/wp-content\\\/uploads\\\/2023\\\/02\\\/cropped-cropped-Logo_350.gif\",\"width\":350,\"height\":350,\"caption\":\"Vin Hotel - La Meridiana - Wine Hotel\"},\"image\":{\"@id\":\"https:\\\/\\\/vinhotel.it\\\/de\\\/#\\\/schema\\\/logo\\\/image\\\/\"},\"sameAs\":[\"https:\\\/\\\/www.facebook.com\\\/vinhotel\\\/\",\"https:\\\/\\\/www.instagram.com\\\/hotellameridiana\\\/\"]}]}<\/script>\n<!-- \/ Yoast SEO plugin. -->","yoast_head_json":{"title":"buggi - Vin Hotel - La Meridiana - Wine Hotel","robots":{"index":"index","follow":"follow","max-snippet":"max-snippet:-1","max-image-preview":"max-image-preview:large","max-video-preview":"max-video-preview:-1"},"canonical":"https:\/\/vinhotel.it\/de\/buggi\/","og_locale":"de_DE","og_type":"article","og_title":"buggi - Vin Hotel - La Meridiana - Wine Hotel","og_description":"buggi buggi wurde aus dem Traum geboren, zu lernen, wie man das Beste aus dem macht, was das Land hier bei VIN uns zur Verf\u00fcgung stellt. Es fing mit Limoncello an und wurde bald zu viel mehr. unsere Weine, buggi bianco, buggi rosa und buggi rosso, sind das Ergebnis einer Zusammenarbeit zwischen dem VIN Hotel [&hellip;]","og_url":"https:\/\/vinhotel.it\/de\/buggi\/","og_site_name":"Vin Hotel - La Meridiana - Wine Hotel","article_publisher":"https:\/\/www.facebook.com\/vinhotel\/","article_modified_time":"2025-05-08T15:57:57+00:00","schema":{"@context":"https:\/\/schema.org","@graph":[{"@type":"WebPage","@id":"https:\/\/vinhotel.it\/de\/buggi\/","url":"https:\/\/vinhotel.it\/de\/buggi\/","name":"buggi - Vin Hotel - La Meridiana - Wine Hotel","isPartOf":{"@id":"https:\/\/vinhotel.it\/de\/#website"},"datePublished":"2025-01-10T20:32:44+00:00","dateModified":"2025-05-08T15:57:57+00:00","breadcrumb":{"@id":"https:\/\/vinhotel.it\/de\/buggi\/#breadcrumb"},"inLanguage":"de-DE","potentialAction":[{"@type":"ReadAction","target":["https:\/\/vinhotel.it\/de\/buggi\/"]}]},{"@type":"BreadcrumbList","@id":"https:\/\/vinhotel.it\/de\/buggi\/#breadcrumb","itemListElement":[{"@type":"ListItem","position":1,"name":"Home","item":"https:\/\/vinhotel.it\/de\/"},{"@type":"ListItem","position":2,"name":"buggi"}]},{"@type":"WebSite","@id":"https:\/\/vinhotel.it\/de\/#website","url":"https:\/\/vinhotel.it\/de\/","name":"Vin Hotel - La Meridiana - Wine Hotel","description":"experience the perfect blend of luxury and wine culture with VIN Hotel. discover boutique hotels set in italy&#039;s most picturesque wine regions, offering exclusive vineyard tours, sommelier-led wine tastings, and farm-to-table dining. perfect for romantic getaways, wine-tasting holidays, and relaxing retreats, VIN Hotel combines world-class hospitality with a passion for italian wines. book your stay today and immerse yourself in italy&#039;s rich wine heritage.","publisher":{"@id":"https:\/\/vinhotel.it\/de\/#organization"},"potentialAction":[{"@type":"SearchAction","target":{"@type":"EntryPoint","urlTemplate":"https:\/\/vinhotel.it\/de\/?s={search_term_string}"},"query-input":{"@type":"PropertyValueSpecification","valueRequired":true,"valueName":"search_term_string"}}],"inLanguage":"de-DE"},{"@type":"Organization","@id":"https:\/\/vinhotel.it\/de\/#organization","name":"Vin Hotel - La Meridiana - Wine Hotel","url":"https:\/\/vinhotel.it\/de\/","logo":{"@type":"ImageObject","inLanguage":"de-DE","@id":"https:\/\/vinhotel.it\/de\/#\/schema\/logo\/image\/","url":"https:\/\/vinhotel.it\/wp-content\/uploads\/2023\/02\/cropped-cropped-Logo_350.gif","contentUrl":"https:\/\/vinhotel.it\/wp-content\/uploads\/2023\/02\/cropped-cropped-Logo_350.gif","width":350,"height":350,"caption":"Vin Hotel - La Meridiana - Wine Hotel"},"image":{"@id":"https:\/\/vinhotel.it\/de\/#\/schema\/logo\/image\/"},"sameAs":["https:\/\/www.facebook.com\/vinhotel\/","https:\/\/www.instagram.com\/hotellameridiana\/"]}]}},"jetpack_sharing_enabled":true,"_links":{"self":[{"href":"https:\/\/vinhotel.it\/de\/wp-json\/wp\/v2\/pages\/7350","targetHints":{"allow":["GET"]}}],"collection":[{"href":"https:\/\/vinhotel.it\/de\/wp-json\/wp\/v2\/pages"}],"about":[{"href":"https:\/\/vinhotel.it\/de\/wp-json\/wp\/v2\/types\/page"}],"author":[{"embeddable":true,"href":"https:\/\/vinhotel.it\/de\/wp-json\/wp\/v2\/users\/1"}],"replies":[{"embeddable":true,"href":"https:\/\/vinhotel.it\/de\/wp-json\/wp\/v2\/comments?post=7350"}],"version-history":[{"count":1,"href":"https:\/\/vinhotel.it\/de\/wp-json\/wp\/v2\/pages\/7350\/revisions"}],"predecessor-version":[{"id":7351,"href":"https:\/\/vinhotel.it\/de\/wp-json\/wp\/v2\/pages\/7350\/revisions\/7351"}],"wp:attachment":[{"href":"https:\/\/vinhotel.it\/de\/wp-json\/wp\/v2\/media?parent=7350"}],"curies":[{"name":"wp","href":"https:\/\/api.w.org\/{rel}","templated":true}]}}